{"id":10569,"date":"2022-12-22T17:46:26","date_gmt":"2022-12-22T15:46:26","guid":{"rendered":"https:\/\/tammistepersonal.ee\/privacy-policy\/"},"modified":"2024-04-25T10:35:41","modified_gmt":"2024-04-25T07:35:41","slug":"privacy-policy","status":"publish","type":"page","link":"https:\/\/tammistepersonal.ee\/en\/privacy-policy\/","title":{"rendered":"Privacy Policy"},"content":{"rendered":"\t\t<div data-elementor-type=\"wp-page\" data-elementor-id=\"10569\" class=\"elementor elementor-10569 elementor-5783\" data-elementor-post-type=\"page\">\n\t\t\t\t<div class=\"elementor-element elementor-element-9a1a064 konteiner vahe-ylemine-alumine-s e-flex e-con-boxed e-con e-parent\" data-id=\"9a1a064\" data-element_type=\"container\" data-e-type=\"container\">\n\t\t\t\t\t<div class=\"e-con-inner\">\n\t\t\t\t<div class=\"elementor-element elementor-element-a9399c0 elementor-widget elementor-widget-heading\" data-id=\"a9399c0\" data-element_type=\"widget\" data-e-type=\"widget\" data-widget_type=\"heading.default\">\n\t\t\t\t<div class=\"elementor-widget-container\">\n\t\t\t\t\t<h1 class=\"elementor-heading-title elementor-size-default\">Privacy Policy<\/h1>\t\t\t\t<\/div>\n\t\t\t\t<\/div>\n\t\t\t\t<div class=\"elementor-element elementor-element-ecb0b19 elementor-tablet-align-left elementor-widget__width-auto elementor-widget elementor-widget-global elementor-global-20699 elementor-global-19306 elementor-widget-button\" data-id=\"ecb0b19\" data-element_type=\"widget\" data-e-type=\"widget\" id=\"btn-back\" data-widget_type=\"button.default\">\n\t\t\t\t<div class=\"elementor-widget-container\">\n\t\t\t\t\t\t\t\t\t<div class=\"elementor-button-wrapper\">\n\t\t\t\t\t<a class=\"elementor-button elementor-button-link elementor-size-sm\" href=\"#\">\n\t\t\t\t\t\t<span class=\"elementor-button-content-wrapper\">\n\t\t\t\t\t\t<span class=\"elementor-button-icon\">\n\t\t\t\t<svg xmlns=\"http:\/\/www.w3.org\/2000\/svg\" viewBox=\"0 0 24 24\" fill=\"currentColor\"><path d=\"M8.36853 12L13.1162 3.03212L14.8838 3.9679L10.6315 12L14.8838 20.0321L13.1162 20.9679L8.36853 12Z\"><\/path><\/svg>\t\t\t<\/span>\n\t\t\t\t\t\t\t\t\t<span class=\"elementor-button-text\">Back to previous page<\/span>\n\t\t\t\t\t<\/span>\n\t\t\t\t\t<\/a>\n\t\t\t\t<\/div>\n\t\t\t\t\t\t\t\t<\/div>\n\t\t\t\t<\/div>\n\t\t\t\t\t<\/div>\n\t\t\t\t<\/div>\n\t\t<div class=\"elementor-element elementor-element-1bf64c2 konteiner vahe-alumine-s e-flex e-con-boxed e-con e-parent\" data-id=\"1bf64c2\" data-element_type=\"container\" data-e-type=\"container\">\n\t\t\t\t\t<div class=\"e-con-inner\">\n\t\t<div class=\"elementor-element elementor-element-09bdbf0 e-con-full e-flex e-con e-child\" data-id=\"09bdbf0\" data-element_type=\"container\" data-e-type=\"container\">\n\t\t\t\t<\/div>\n\t\t<div class=\"elementor-element elementor-element-d87ca99 e-con-full e-flex e-con e-child\" data-id=\"d87ca99\" data-element_type=\"container\" data-e-type=\"container\">\n\t\t\t\t<div class=\"elementor-element elementor-element-236af7d elementor-widget elementor-widget-text-editor\" data-id=\"236af7d\" data-element_type=\"widget\" data-e-type=\"widget\" data-widget_type=\"text-editor.default\">\n\t\t\t\t<div class=\"elementor-widget-container\">\n\t\t\t\t\t\t\t\t\t<p>The personal data inserted at the tammistepersonal.ee website is processed by Tammiste Personalib\u00fcroo O\u00dc (registration code 10443655), located at R\u00fc\u00fctli 38, P\u00e4rnu City, P\u00e4rnu County 80011, phone <a href=\"tel:+37256988100\">+372 56 988 100<\/a> and email\u00a0<a href=\"mailto:info@tammistepersonal.ee\">info@tammistepersonal.ee<\/a>.<\/p>\n\t\t\t\t\t\t\t\t<\/div>\n\t\t\t\t<\/div>\n\t\t\t\t<div class=\"elementor-element elementor-element-542cbeb elementor-widget elementor-widget-text-editor\" data-id=\"542cbeb\" data-element_type=\"widget\" data-e-type=\"widget\" data-widget_type=\"text-editor.default\">\n\t\t\t\t<div class=\"elementor-widget-container\">\n\t\t\t\t\t\t\t\t\t<p><strong>WHICH PERSONAL DATA IS PROCESSED<\/strong><\/p>\n<ul>\n<li>name, company name, phone number and email address;<\/li>\n<li>additionally sent messages.<\/li>\n<\/ul>\n\t\t\t\t\t\t\t\t<\/div>\n\t\t\t\t<\/div>\n\t\t\t\t<div class=\"elementor-element elementor-element-ff71df3 elementor-widget elementor-widget-text-editor\" data-id=\"ff71df3\" data-element_type=\"widget\" data-e-type=\"widget\" data-widget_type=\"text-editor.default\">\n\t\t\t\t<div class=\"elementor-widget-container\">\n\t\t\t\t\t\t\t\t\t<p><strong>WHAT IS THE PURPOSE FOR PERSONAL DATA PROCESSING<\/strong><\/p>\n<p>Personal data is used to manage customer inquiries.<\/p>\n<p>Personal data such as email, phone number, and customer name are processed to solve questions related to the provision of services.<\/p>\n<p>The website user&#8217;s IP address or other network identifiers are processed to provide the website as an information society service and to compile web usage statistics.<\/p>\n\t\t\t\t\t\t\t\t<\/div>\n\t\t\t\t<\/div>\n\t\t\t\t<div class=\"elementor-element elementor-element-21069c2 elementor-widget elementor-widget-text-editor\" data-id=\"21069c2\" data-element_type=\"widget\" data-e-type=\"widget\" data-widget_type=\"text-editor.default\">\n\t\t\t\t<div class=\"elementor-widget-container\">\n\t\t\t\t\t\t\t\t\t<p><strong>LEGAL BASIS<\/strong><\/p>\n<p>Personal data is processed to fulfill the contract concluded with the client.<br \/>\nPersonal data is processed to fulfill a legal obligation (e.g. accounting and consumer dispute resolution).<\/p>\n\t\t\t\t\t\t\t\t<\/div>\n\t\t\t\t<\/div>\n\t\t\t\t<div class=\"elementor-element elementor-element-3897eac elementor-widget elementor-widget-text-editor\" data-id=\"3897eac\" data-element_type=\"widget\" data-e-type=\"widget\" data-widget_type=\"text-editor.default\">\n\t\t\t\t<div class=\"elementor-widget-container\">\n\t\t\t\t\t\t\t\t\t<p><strong>RECIPIENTS TO WHOM PERSONAL DATA WILL BE FORWARDED TO<\/strong><\/p>\n<p>Personal data will be forwarded to the website&#8217;s customer support to manage inquiries.<\/p>\n<p>Personal data may be transferred to information technology service providers if it is necessary to ensure the functionality of the website or data hosting.<\/p>\n\t\t\t\t\t\t\t\t<\/div>\n\t\t\t\t<\/div>\n\t\t\t\t<div class=\"elementor-element elementor-element-2c60adb elementor-widget elementor-widget-text-editor\" data-id=\"2c60adb\" data-element_type=\"widget\" data-e-type=\"widget\" data-widget_type=\"text-editor.default\">\n\t\t\t\t<div class=\"elementor-widget-container\">\n\t\t\t\t\t\t\t\t\t<p><strong>SECURITY AND DATA ACCESS<\/strong><\/p>\n<p>Personal data is stored on Zone Media (<a href=\"https:\/\/www.zone.ee\/et\/\" target=\"_blank\" rel=\"noopener\">zone.ee<\/a>) server, located in the territory of a member state of the European Union or countries that have joined the European Economic Area. Data may be transferred to countries whose level of data protection has been assessed as adequate by the European Commission and to US companies affiliated with the Privacy Shield framework.<\/p>\n<p>Website employees have access to personal data and can view personal data to solve technical issues related to the use of the website and to provide customer support services.<\/p>\n<p>The website implements appropriate physical, organizational, and IT security measures to protect personal data from accidental or unlawful destruction, loss, alteration, or unauthorized access and disclosure.<\/p>\n\t\t\t\t\t\t\t\t<\/div>\n\t\t\t\t<\/div>\n\t\t\t\t<div class=\"elementor-element elementor-element-5de590c elementor-widget elementor-widget-text-editor\" data-id=\"5de590c\" data-element_type=\"widget\" data-e-type=\"widget\" data-widget_type=\"text-editor.default\">\n\t\t\t\t<div class=\"elementor-widget-container\">\n\t\t\t\t\t\t\t\t\t<p><strong>FAMILIARIZATION WITH AND CORRECTION OF PERSONAL DATA, WITHDRAWAL OF CONSENT, DELETION OF DATA<\/strong><\/p>\n<p>To view personal data, withdraw consent and delete data, you must contact us via email at <a href=\"mailto:info@tammistepersonal.ee\">info@tammistepersonal.ee<\/a>. The request will be answered no later than within a month, and the data deletion period will be specified.<\/p>\n\t\t\t\t\t\t\t\t<\/div>\n\t\t\t\t<\/div>\n\t\t\t\t<div class=\"elementor-element elementor-element-b278759 elementor-widget elementor-widget-text-editor\" data-id=\"b278759\" data-element_type=\"widget\" data-e-type=\"widget\" data-widget_type=\"text-editor.default\">\n\t\t\t\t<div class=\"elementor-widget-container\">\n\t\t\t\t\t\t\t\t\t<p><strong>SOLVING ARGUMENTS<\/strong><\/p>\n<p>Questions related to the process of personal data should be sent by email to\u00a0<a href=\"mailto:info@tammistepersonal.ee\">info@tammistepersonal.ee<\/a>. The supervisory authority is the Estonian Data Protection Inspectorate\u00a0(<a href=\"mailto:info@aki.ee\">info@aki.ee<\/a>).<\/p>\n\t\t\t\t\t\t\t\t<\/div>\n\t\t\t\t<\/div>\n\t\t\t\t<\/div>\n\t\t\t\t\t<\/div>\n\t\t\t\t<\/div>\n\t\t\t\t<\/div>\n\t\t","protected":false},"excerpt":{"rendered":"<p>Back to previous page The personal data inserted at the tammistepersonal.ee website is processed by Tammiste Personalib\u00fcroo O\u00dc (registration code 10443655), located at R\u00fc\u00fctli 38, P\u00e4rnu City, P\u00e4rnu County 80011, phone +372 56 988 100 and email\u00a0info@tammistepersonal.ee. WHICH PERSONAL DATA IS PROCESSED name, company name, phone number and email address; additionally sent messages. WHAT IS [&hellip;]<\/p>\n","protected":false},"author":2,"featured_media":0,"parent":0,"menu_order":0,"comment_status":"closed","ping_status":"closed","template":"","meta":{"_acf_changed":false,"footnotes":""},"class_list":["post-10569","page","type-page","status-publish","hentry"],"acf":[],"publishpress_future_workflow_manual_trigger":{"enabledWorkflows":[]},"_links":{"self":[{"href":"https:\/\/tammistepersonal.ee\/en\/wp-json\/wp\/v2\/pages\/10569","targetHints":{"allow":["GET"]}}],"collection":[{"href":"https:\/\/tammistepersonal.ee\/en\/wp-json\/wp\/v2\/pages"}],"about":[{"href":"https:\/\/tammistepersonal.ee\/en\/wp-json\/wp\/v2\/types\/page"}],"author":[{"embeddable":true,"href":"https:\/\/tammistepersonal.ee\/en\/wp-json\/wp\/v2\/users\/2"}],"replies":[{"embeddable":true,"href":"https:\/\/tammistepersonal.ee\/en\/wp-json\/wp\/v2\/comments?post=10569"}],"version-history":[{"count":7,"href":"https:\/\/tammistepersonal.ee\/en\/wp-json\/wp\/v2\/pages\/10569\/revisions"}],"predecessor-version":[{"id":21475,"href":"https:\/\/tammistepersonal.ee\/en\/wp-json\/wp\/v2\/pages\/10569\/revisions\/21475"}],"wp:attachment":[{"href":"https:\/\/tammistepersonal.ee\/en\/wp-json\/wp\/v2\/media?parent=10569"}],"curies":[{"name":"wp","href":"https:\/\/api.w.org\/{rel}","templated":true}]}}